{"id":10323,"date":"2021-03-15T13:54:52","date_gmt":"2021-03-15T13:54:52","guid":{"rendered":"https:\/\/caldan.dk.linux149.unoeuro-server.com\/snbc\/"},"modified":"2024-01-18T13:18:19","modified_gmt":"2024-01-18T13:18:19","slug":"snbc","status":"publish","type":"page","link":"https:\/\/caldan.dk\/de\/snbc\/","title":{"rendered":"SNBC"},"content":{"rendered":"<div>\n<p>        <img decoding=\"async\" src=\"\/wp-content\/uploads\/2021\/04\/CALDAN_SNBC_1000x390C.png\" alt=\"\"><\/p>\n<div>\n<div class=\"banner-descrip\">\n<div id=\"block-views-overheadbannerdts-block_1\" class=\"clear-block block block-views\">\n<div class=\"content\">\n<div class=\"view view-overheadbannerdts view-id-overheadbannerdts view-display-id-block_1 view-dom-id-2\">\n<div class=\"view-content\">\n<div class=\"views-row views-row-1 views-row-odd views-row-first views-row-last\">\n<div class=\"views-field-name\">\n<h1 style=\"text-align: right;\"><strong>H\u00e4ngef\u00f6rdertechnik <span style=\"color: #ff0000;\">\/<\/span><br \/>SNBC China<br \/><\/strong><\/h1>\n<p style=\"text-align: right;\"><strong>PROJEKT:<br \/><\/strong><span class=\"field-content\">Oberfl\u00e4chenbehandlung von verschiedenen<br \/>Metallschr\u00e4nken<\/span><\/p>\n<p style=\"text-align: right;\"><strong>F\u00d6RDERSYSTEM:<\/strong><br \/>P&amp;F400 &#8211; Power &amp; Free H\u00e4ngef\u00f6rderer<br \/>\u00a0<br \/><strong>SYSTEML\u00c4NGE: <\/strong>954 m<\/p>\n<\/div>\n<\/div>\n<\/div>\n<\/div>\n<\/div>\n<\/div>\n<\/div>\n<\/div>\n<\/div>\n<div>\n<h3><strong>Projektinformation<\/strong><\/h3>\n<p><span><\/span><span style=\"text-decoration: underline;\">Thema:<\/span><br \/><span>Oberfl\u00e4chenbehandlungsanlag<\/span>e <span>mit<\/span> CALDAN <span>H\u00e4ngef\u00f6rderer<br \/><\/span><span style=\"text-decoration: underline;\">Endkunde:<\/span><br \/>Shandong New Beiyang Information Technology Co.<br \/>(SNBC)<br \/><span style=\"text-decoration: underline;\">Aufstellungsort:<\/span><br \/>Shandong, China<br \/><span style=\"text-decoration: underline;\">Art der Teile:<\/span><br \/>Metallschr\u00e4nke<br \/><span style=\"text-decoration: underline;\">Gewicht der Teile:<\/span><br \/>max. 120 kg pro Laufwagen<br \/><span style=\"text-decoration: underline;\">Teileabmessungen (L x B x H):<\/span><br \/>&#8211; Max kleiner Teil, 880x 500x 2200 mm<br \/>&#8211; Max. gro\u00dfer Teil, 1400x1100x2200 mm<br \/><span style=\"text-decoration: underline;\">F\u00f6rdergeschwindigkeit:<\/span><br \/>Schnelle Hauptkette &#8211; 8 m\/min variabel<br \/>Transfereinheiten &#8211; 0,3 bis 1,8 m\/min variabel<br \/><span style=\"text-decoration: underline;\">Durchsatz pro Stunde:<\/span><br \/>60 Laufwagen<br \/><span style=\"text-decoration: underline;\">Be- und Entladung der Teile:<\/span><br \/>\u00fcber vertikale Hub-Senkstationen, <br \/>ungef\u00fchrte Versionen<br \/><span style=\"text-decoration: underline;\">Prozesstemperaturen:<\/span><br \/>250 \u00b0C max.<\/p>\n<p><span style=\"color: #000000;\"><strong>EINGESETZTES F\u00d6RDERSYSTEM<\/strong><\/span><br \/><span style=\"text-decoration: underline;\">Typ:<\/span><br \/>P&amp;F400 &#8211; <a href=\"https:\/\/caldan.dk\/de\/overhead-conveyor\/\" target=\"_blank\" rel=\"noopener\">Power &amp; Free H\u00e4ngef\u00f6rderer<\/a><br \/><span style=\"text-decoration: underline;\">Art der Kette:<\/span><br \/>Kardankette<br \/><strong><span style=\"color: #000000;\">Laufwagen Ausf\u00fchrung:<\/span><\/strong><br \/>2-fach Laufwagen<br \/><span style=\"text-decoration: underline;\">Traversenl\u00e4nge:<\/span><br \/>1100 mm<\/p>\n<p><span style=\"color: #000000;\"><strong>SYSTEML\u00c4NGE, KOMPLETT<\/strong><\/span><br \/>954 m.<\/p>\n<\/p>\n<\/div>\n<p>\n    <a href=\"https:\/\/caldan.dk\/de\/asia\/\">ASIEN<\/a>\n<\/p>\n<p><a href=\"https:\/\/vimeo.com\/253240315\"><img decoding=\"async\" src=\"\/wp-content\/uploads\/2021\/03\/CALDAN_SNBC_1000x390.png\" alt=\"\"><\/a><\/p>\n<div>\n<p style=\"text-align: right;\">CALDAN \/ SNBC Referenzvideo <span style=\"color: #ff0000;\"><strong>\u21d1\u00a0<\/strong><\/span> <\/p>\n<\/div>\n<p><img decoding=\"async\" src=\"\/wp-content\/uploads\/2021\/04\/CALDAN_SNBC_700x700B.png\" alt=\"\"><\/p>\n<div>\n<p style=\"text-align: right;\"><a href=\"https:\/\/caldan.dk\/de\/power-and-free-overhead-conveyor\/\" target=\"_blank\" rel=\"noopener\"><strong>P&amp;F400 <\/strong>&#8211; Power &amp; Free H\u00e4ngef\u00f6rderer<\/a> im Einsatz bei SNBC, China<strong><\/strong><\/p>\n<\/div>\n<div>\n<p>        <img decoding=\"async\" src=\"\/wp-content\/uploads\/2021\/01\/Worldmap_fritlagt.png\" alt=\"\"><\/p>\n<div>\n<div class=\"banner-descrip\">\n<div id=\"block-views-overheadbannerdts-block_1\" class=\"clear-block block block-views\">\n<div class=\"content\">\n<div class=\"view view-overheadbannerdts view-id-overheadbannerdts view-display-id-block_1 view-dom-id-2\">\n<div class=\"view-content\">\n<div class=\"views-row views-row-1 views-row-odd views-row-first views-row-last\">\n<div class=\"views-field-name\">\n<h3 style=\"text-align: center;\"><strong>Conveyor solutions <\/strong>for world renowned brands<span style=\"color: #ff0000;\">.<\/span><\/h3>\n<\/div>\n<\/div>\n<\/div>\n<\/div>\n<\/div>\n<\/div>\n<\/div>\n<\/div>\n<\/div>\n<p><!--more--><br \/>\n<!-- {\"name\":\"CASE STORY - customer\",\"type\":\"layout\",\"children\":[{\"type\":\"section\",\"props\":{\"style\":\"default\",\"width\":\"default\",\"vertical_align\":\"middle\",\"title_position\":\"top-left\",\"title_rotation\":\"left\",\"title_breakpoint\":\"xl\",\"image_position\":\"center-center\",\"padding_remove_bottom\":true,\"padding_remove_top\":true,\"overlap\":false,\"image\":\"wp-content\\\/uploads\\\/2020\\\/12\\\/5120x700.png\",\"image_size\":\"cover\"},\"children\":[{\"type\":\"row\",\"children\":[{\"type\":\"column\",\"props\":{\"image_position\":\"center-center\",\"media_overlay_gradient\":\"\",\"width_medium\":\"1-5\",\"position_sticky_breakpoint\":\"m\"},\"children\":[{\"type\":\"module_position\",\"props\":{\"layout\":\"stack\",\"breakpoint\":\"m\",\"content\":\"builder-2\"}}]},{\"type\":\"column\",\"props\":{\"image_position\":\"center-center\",\"media_overlay_gradient\":\"\",\"width_medium\":\"4-5\",\"position_sticky_breakpoint\":\"m\"},\"children\":[{\"type\":\"overlay\",\"props\":{\"link_text\":\"Read more\",\"overlay_mode\":\"caption\",\"overlay_hover\":false,\"overlay_style\":\"\",\"text_color\":\"light\",\"overlay_position\":\"top-right\",\"overlay_transition\":\"fade\",\"title_hover_style\":\"reset\",\"title_element\":\"h3\",\"meta_style\":\"meta\",\"meta_align\":\"below-title\",\"meta_element\":\"div\",\"link_style\":\"default\",\"text_align\":\"center\",\"margin\":\"default\",\"image\":\"wp-content\\\/uploads\\\/2021\\\/04\\\/CALDAN_SNBC_1000x390C.png\",\"content\":\"\n\n<div class=\\\"banner-descrip\\\">\\n\n\n<div id=\\\"block-views-overheadbannerdts-block_1\\\" class=\\\"clear-block block block-views\\\">\\n\n\n<div class=\\\"content\\\">\\n\n\n<div class=\\\"view view-overheadbannerdts view-id-overheadbannerdts view-display-id-block_1 view-dom-id-2\\\">\\n\n\n<div class=\\\"view-content\\\">\\n\n\n<div class=\\\"views-row views-row-1 views-row-odd views-row-first views-row-last\\\">\\n\n\n<div class=\\\"views-field-name\\\">\\n\n\n<h1 style=\\\"text-align: right;\\\"><strong>H\\u00e4ngef\\u00f6rdertechnik <span style=\\\"color: #ff0000;\\\">\\\/<\\\/span><br \\\/>SNBC China<br \\\/><\\\/strong><\\\/h1>\\n\n\n<p style=\\\"text-align: right;\\\"><strong>PROJEKT:<br \\\/><\\\/strong><span class=\\\"field-content\\\">Oberfl\\u00e4chenbehandlung von verschiedenen<br \\\/>Metallschr\\u00e4nken<\\\/span><\\\/p>\\n\n\n<p style=\\\"text-align: right;\\\"><strong>F\\u00d6RDERSYSTEM:<\\\/strong><br \\\/>P&amp;F400 - Power &amp; Free H\\u00e4ngef\\u00f6rderer<br \\\/>\\u00a0<br \\\/><strong>SYSTEML\\u00c4NGE: <\\\/strong>954 m<\\\/p>\\n<\\\/div>\\n<\\\/div>\\n<\\\/div>\\n<\\\/div>\\n<\\\/div>\\n<\\\/div>\\n<\\\/div>\",\"title\":\"\",\"overlay_transition_background\":false}}]}],\"props\":{\"layout\":\"1-5,4-5\"}}]},{\"type\":\"section\",\"props\":{\"style\":\"default\",\"width\":\"default\",\"vertical_align\":\"middle\",\"title_position\":\"top-left\",\"title_rotation\":\"left\",\"title_breakpoint\":\"xl\",\"image_position\":\"center-center\",\"padding\":\"xsmall\"},\"children\":[{\"type\":\"row\",\"children\":[{\"type\":\"column\",\"props\":{\"image_position\":\"center-center\",\"media_overlay_gradient\":\"\",\"position_sticky_breakpoint\":\"m\"},\"children\":[]}]}]},{\"type\":\"section\",\"props\":{\"style\":\"default\",\"width\":\"default\",\"vertical_align\":\"middle\",\"title_position\":\"top-left\",\"title_rotation\":\"left\",\"title_breakpoint\":\"xl\",\"image_position\":\"center-center\",\"padding_remove_bottom\":false,\"padding_remove_top\":true},\"children\":[{\"type\":\"row\",\"props\":{\"layout\":\"2-5,3-5\",\"divider\":true},\"children\":[{\"type\":\"column\",\"props\":{\"image_position\":\"center-center\",\"media_overlay_gradient\":\"\",\"width_medium\":\"2-5\",\"position_sticky_breakpoint\":\"m\"},\"children\":[{\"type\":\"text\",\"props\":{\"margin\":\"default\",\"column_breakpoint\":\"m\",\"content\":\"\n\n<h3><strong>Projektinformation<\\\/strong><\\\/h3>\\n\n\n<p><span><\\\/span><span style=\\\"text-decoration: underline;\\\">Thema:<\\\/span><br \\\/><span>Oberfl\\u00e4chenbehandlungsanlag<\\\/span>e <span>mit<\\\/span> CALDAN <span>H\\u00e4ngef\\u00f6rderer<br \\\/><\\\/span><span style=\\\"text-decoration: underline;\\\">Endkunde:<\\\/span><br \\\/>Shandong New Beiyang Information Technology Co.<br \\\/>(SNBC)<br \\\/><span style=\\\"text-decoration: underline;\\\">Aufstellungsort:<\\\/span><br \\\/>Shandong, China<br \\\/><span style=\\\"text-decoration: underline;\\\">Art der Teile:<\\\/span><br \\\/>Metallschr\\u00e4nke<br \\\/><span style=\\\"text-decoration: underline;\\\">Gewicht der Teile:<\\\/span><br \\\/>max. 120 kg pro Laufwagen<br \\\/><span style=\\\"text-decoration: underline;\\\">Teileabmessungen (L x B x H):<\\\/span><br \\\/>- Max kleiner Teil, 880x 500x 2200 mm<br \\\/>- Max. gro\\u00dfer Teil, 1400x1100x2200 mm<br \\\/><span style=\\\"text-decoration: underline;\\\">F\\u00f6rdergeschwindigkeit:<\\\/span><br \\\/>Schnelle Hauptkette - 8 m\\\/min variabel<br \\\/>Transfereinheiten - 0,3 bis 1,8 m\\\/min variabel<br \\\/><span style=\\\"text-decoration: underline;\\\">Durchsatz pro Stunde:<\\\/span><br \\\/>60 Laufwagen<br \\\/><span style=\\\"text-decoration: underline;\\\">Be- und Entladung der Teile:<\\\/span><br \\\/>\\u00fcber vertikale Hub-Senkstationen, <br \\\/>ungef\\u00fchrte Versionen<br \\\/><span style=\\\"text-decoration: underline;\\\">Prozesstemperaturen:<\\\/span><br \\\/>250 \\u00b0C max.<\\\/p>\\n\n\n<p><span style=\\\"color: #000000;\\\"><strong>EINGESETZTES F\\u00d6RDERSYSTEM<\\\/strong><\\\/span><br \\\/><span style=\\\"text-decoration: underline;\\\">Typ:<\\\/span><br \\\/>P&amp;F400 - <a href=\\\"https:\\\/\\\/caldan.dk\\\/de\\\/overhead-conveyor\\\/\\\" target=\\\"_blank\\\" rel=\\\"noopener\\\">Power &amp; Free H\\u00e4ngef\\u00f6rderer<\\\/a><br \\\/><span style=\\\"text-decoration: underline;\\\">Art der Kette:<\\\/span><br \\\/>Kardankette<br \\\/><strong><span style=\\\"color: #000000;\\\">Laufwagen Ausf\\u00fchrung:<\\\/span><\\\/strong><br \\\/>2-fach Laufwagen<br \\\/><span style=\\\"text-decoration: underline;\\\">Traversenl\\u00e4nge:<\\\/span><br \\\/>1100 mm<\\\/p>\\n\n\n<p><span style=\\\"color: #000000;\\\"><strong>SYSTEML\\u00c4NGE, KOMPLETT<\\\/strong><\\\/span><br \\\/>954 m.<\\\/p>\\n\n\n<p><\\\/p>\\n\n\n<p><\\\/p>\",\"dropcap\":false}},{\"type\":\"button\",\"props\":{\"grid_column_gap\":\"small\",\"grid_row_gap\":\"small\",\"margin\":\"default\",\"button_size\":\"small\"},\"children\":[{\"type\":\"button_item\",\"props\":{\"button_style\":\"default\",\"icon_align\":\"left\",\"link_title\":\"ASIEN\",\"content\":\"ASIEN\",\"link\":\"https:\\\/\\\/caldan.dk\\\/de\\\/asia\\\/\",\"link_target\":\"blank\",\"icon\":\"chevron-double-right\"}}]}]},{\"type\":\"column\",\"props\":{\"image_position\":\"center-center\",\"media_overlay_gradient\":\"\",\"width_medium\":\"3-5\",\"position_sticky_breakpoint\":\"m\"},\"children\":[{\"type\":\"image\",\"props\":{\"margin\":\"default\",\"image_svg_color\":\"emphasis\",\"image\":\"wp-content\\\/uploads\\\/2021\\\/03\\\/CALDAN_SNBC_1000x390.png\",\"image_border\":\"rounded\",\"image_box_shadow\":\"small\",\"image_width\":\"700\",\"link\":\"https:\\\/\\\/vimeo.com\\\/253240315\",\"link_target\":\"blank\"}},{\"type\":\"text\",\"props\":{\"margin\":\"default\",\"column_breakpoint\":\"m\",\"content\":\"\n\n<p style=\\\"text-align: right;\\\">CALDAN \\\/ SNBC Referenzvideo <span style=\\\"color: #ff0000;\\\"><strong>\\u21d1\\u00a0<\\\/strong><\\\/span> <\\\/p>\"}},{\"type\":\"image\",\"props\":{\"margin\":\"default\",\"image_svg_color\":\"emphasis\",\"image\":\"wp-content\\\/uploads\\\/2021\\\/04\\\/CALDAN_SNBC_700x700B.png\",\"image_width\":\"700\",\"image_border\":\"rounded\",\"image_box_shadow\":\"small\"}},{\"type\":\"text\",\"props\":{\"margin\":\"default\",\"column_breakpoint\":\"m\",\"content\":\"\n\n<p style=\\\"text-align: right;\\\"><a href=\\\"https:\\\/\\\/caldan.dk\\\/de\\\/power-and-free-overhead-conveyor\\\/\\\" target=\\\"_blank\\\" rel=\\\"noopener\\\"><strong>P&amp;F400 <\\\/strong>- Power &amp; Free H\\u00e4ngef\\u00f6rderer<\\\/a> im Einsatz bei SNBC, China<strong><\\\/strong><\\\/p>\"}}]}]},{\"type\":\"row\",\"children\":[{\"type\":\"column\",\"props\":{\"image_position\":\"center-center\",\"media_overlay_gradient\":\"\",\"position_sticky_breakpoint\":\"m\"},\"children\":[]}]},{\"type\":\"row\",\"children\":[{\"type\":\"column\",\"props\":{\"image_position\":\"center-center\",\"media_overlay_gradient\":\"\",\"position_sticky_breakpoint\":\"m\"},\"children\":[{\"type\":\"overlay\",\"props\":{\"link_text\":\"Read more\",\"overlay_mode\":\"caption\",\"overlay_hover\":false,\"overlay_style\":\"\",\"text_color\":\"dark\",\"overlay_position\":\"center\",\"overlay_transition\":\"fade\",\"title_hover_style\":\"reset\",\"title_element\":\"h3\",\"meta_style\":\"meta\",\"meta_align\":\"below-title\",\"meta_element\":\"div\",\"link_style\":\"default\",\"text_align\":\"center\",\"margin\":\"default\",\"image\":\"wp-content\\\/uploads\\\/2021\\\/01\\\/Worldmap_fritlagt.png\",\"content\":\"\n\n<div class=\\\"banner-descrip\\\">\\n\n\n<div id=\\\"block-views-overheadbannerdts-block_1\\\" class=\\\"clear-block block block-views\\\">\\n\n\n<div class=\\\"content\\\">\\n\n\n<div class=\\\"view view-overheadbannerdts view-id-overheadbannerdts view-display-id-block_1 view-dom-id-2\\\">\\n\n\n<div class=\\\"view-content\\\">\\n\n\n<div class=\\\"views-row views-row-1 views-row-odd views-row-first views-row-last\\\">\\n\n\n<div class=\\\"views-field-name\\\">\\n\n\n<h3 style=\\\"text-align: center;\\\"><strong>Conveyor solutions <\\\/strong>for world renowned brands<span style=\\\"color: #ff0000;\\\">.<\\\/span><\\\/h3>\\n<\\\/div>\\n<\\\/div>\\n<\\\/div>\\n<\\\/div>\\n<\\\/div>\\n<\\\/div>\\n<\\\/div>\",\"title\":\"\",\"overlay_transition_background\":false,\"image_width\":\"1000\"},\"modified\":\"2021-01-27T07:04:48.969Z\",\"name\":\"CALDAN bottom - 1\"}]}]}]}],\"version\":\"2.7.22\"} --><\/p>\n","protected":false},"excerpt":{"rendered":"<p>H\u00e4ngef\u00f6rdertechnik \/SNBC China PROJEKT:Oberfl\u00e4chenbehandlung von verschiedenenMetallschr\u00e4nken F\u00d6RDERSYSTEM:P&amp;F400 &#8211; Power &amp; Free H\u00e4ngef\u00f6rderer\u00a0SYSTEML\u00c4NGE: 954 m Projektinformation Thema:Oberfl\u00e4chenbehandlungsanlage mit CALDAN H\u00e4ngef\u00f6rdererEndkunde:Shandong New Beiyang Information Technology Co.(SNBC)Aufstellungsort:Shandong, ChinaArt der Teile:Metallschr\u00e4nkeGewicht der Teile:max. 120 kg pro LaufwagenTeileabmessungen (L x B x H):&#8211; Max kleiner Teil, 880x 500x 2200 mm&#8211; Max. gro\u00dfer Teil, 1400x1100x2200 mmF\u00f6rdergeschwindigkeit:Schnelle Hauptkette &#8211; 8 m\/min variabelTransfereinheiten [&hellip;]<\/p>\n","protected":false},"author":1,"featured_media":0,"parent":0,"menu_order":0,"comment_status":"closed","ping_status":"closed","template":"","meta":{"footnotes":""},"class_list":["post-10323","page","type-page","status-publish","hentry"],"yoast_head":"<!-- This site is optimized with the Yoast SEO Premium plugin v27.3 (Yoast SEO v27.3) - https:\/\/yoast.com\/product\/yoast-seo-premium-wordpress\/ -->\n<title>SNBC - CALDAN Conveyor A\/S - superior conveyor systems<\/title>\n<meta name=\"description\" content=\"CALDAN Conveyor A\/S - SNBC - Caldan Conveyor is the leading supplier of overhead conveyors and floor conveyors for operators across the the globe.\" \/>\n<meta name=\"robots\" content=\"index, follow, max-snippet:-1, max-image-preview:large, max-video-preview:-1\" \/>\n<link rel=\"canonical\" href=\"https:\/\/caldan.dk\/snbc\/\" \/>\n<meta property=\"og:locale\" content=\"de_DE\" \/>\n<meta property=\"og:type\" content=\"article\" \/>\n<meta property=\"og:title\" content=\"SNBC\" \/>\n<meta property=\"og:description\" content=\"CALDAN Conveyor A\/S - SNBC - Caldan Conveyor is the leading supplier of overhead conveyors and floor conveyors for operators across the the globe.\" \/>\n<meta property=\"og:url\" content=\"https:\/\/caldan.dk\/snbc\/\" \/>\n<meta property=\"og:site_name\" content=\"CALDAN Conveyor A\/S\" \/>\n<meta property=\"article:publisher\" content=\"https:\/\/www.facebook.com\/caldanconveyor\" \/>\n<meta property=\"article:modified_time\" content=\"2024-01-18T13:18:19+00:00\" \/>\n<meta name=\"twitter:card\" content=\"summary_large_image\" \/>\n<meta name=\"twitter:site\" content=\"@caldan_conveyor\" \/>\n<meta name=\"twitter:label1\" content=\"Gesch\u00e4tzte Lesezeit\" \/>\n\t<meta name=\"twitter:data1\" content=\"1\u00a0Minute\" \/>\n<script type=\"application\/ld+json\" class=\"yoast-schema-graph\">{\"@context\":\"https:\\\/\\\/schema.org\",\"@graph\":[{\"@type\":\"WebPage\",\"@id\":\"https:\\\/\\\/caldan.dk\\\/snbc\\\/\",\"url\":\"https:\\\/\\\/caldan.dk\\\/snbc\\\/\",\"name\":\"SNBC - CALDAN Conveyor A\\\/S - superior conveyor systems\",\"isPartOf\":{\"@id\":\"https:\\\/\\\/caldan.dk\\\/#website\"},\"datePublished\":\"2021-03-15T13:54:52+00:00\",\"dateModified\":\"2024-01-18T13:18:19+00:00\",\"description\":\"CALDAN Conveyor A\\\/S - SNBC - Caldan Conveyor is the leading supplier of overhead conveyors and floor conveyors for operators across the the globe.\",\"breadcrumb\":{\"@id\":\"https:\\\/\\\/caldan.dk\\\/snbc\\\/#breadcrumb\"},\"inLanguage\":\"de\",\"potentialAction\":[{\"@type\":\"ReadAction\",\"target\":[\"https:\\\/\\\/caldan.dk\\\/snbc\\\/\"]}]},{\"@type\":\"BreadcrumbList\",\"@id\":\"https:\\\/\\\/caldan.dk\\\/snbc\\\/#breadcrumb\",\"itemListElement\":[{\"@type\":\"ListItem\",\"position\":1,\"name\":\"Home\",\"item\":\"https:\\\/\\\/caldan.dk\\\/\"},{\"@type\":\"ListItem\",\"position\":2,\"name\":\"SNBC\"}]},{\"@type\":\"WebSite\",\"@id\":\"https:\\\/\\\/caldan.dk\\\/#website\",\"url\":\"https:\\\/\\\/caldan.dk\\\/\",\"name\":\"CALDAN Conveyor A\\\/S\",\"description\":\"Overhead conveyors and floor conveyors\",\"publisher\":{\"@id\":\"https:\\\/\\\/caldan.dk\\\/#organization\"},\"potentialAction\":[{\"@type\":\"SearchAction\",\"target\":{\"@type\":\"EntryPoint\",\"urlTemplate\":\"https:\\\/\\\/caldan.dk\\\/?s={search_term_string}\"},\"query-input\":{\"@type\":\"PropertyValueSpecification\",\"valueRequired\":true,\"valueName\":\"search_term_string\"}}],\"inLanguage\":\"de\"},{\"@type\":\"Organization\",\"@id\":\"https:\\\/\\\/caldan.dk\\\/#organization\",\"name\":\"CALDAN Conveyor A\\\/S\",\"url\":\"https:\\\/\\\/caldan.dk\\\/\",\"logo\":{\"@type\":\"ImageObject\",\"inLanguage\":\"de\",\"@id\":\"https:\\\/\\\/caldan.dk\\\/#\\\/schema\\\/logo\\\/image\\\/\",\"url\":\"https:\\\/\\\/caldan.dk\\\/wp-content\\\/uploads\\\/2025\\\/05\\\/CALDAN_logoyoast.png\",\"contentUrl\":\"https:\\\/\\\/caldan.dk\\\/wp-content\\\/uploads\\\/2025\\\/05\\\/CALDAN_logoyoast.png\",\"width\":696,\"height\":696,\"caption\":\"CALDAN Conveyor A\\\/S\"},\"image\":{\"@id\":\"https:\\\/\\\/caldan.dk\\\/#\\\/schema\\\/logo\\\/image\\\/\"},\"sameAs\":[\"https:\\\/\\\/www.facebook.com\\\/caldanconveyor\",\"https:\\\/\\\/x.com\\\/caldan_conveyor\",\"https:\\\/\\\/www.linkedin.com\\\/company\\\/927752\\\/\",\"https:\\\/\\\/www.youtube.com\\\/channel\\\/UCpWecoGCSse9sgXwucr08Vw\"]}]}<\/script>\n<!-- \/ Yoast SEO Premium plugin. -->","yoast_head_json":{"title":"SNBC - CALDAN Conveyor A\/S - superior conveyor systems","description":"CALDAN Conveyor A\/S - SNBC - Caldan Conveyor is the leading supplier of overhead conveyors and floor conveyors for operators across the the globe.","robots":{"index":"index","follow":"follow","max-snippet":"max-snippet:-1","max-image-preview":"max-image-preview:large","max-video-preview":"max-video-preview:-1"},"canonical":"https:\/\/caldan.dk\/snbc\/","og_locale":"de_DE","og_type":"article","og_title":"SNBC","og_description":"CALDAN Conveyor A\/S - SNBC - Caldan Conveyor is the leading supplier of overhead conveyors and floor conveyors for operators across the the globe.","og_url":"https:\/\/caldan.dk\/snbc\/","og_site_name":"CALDAN Conveyor A\/S","article_publisher":"https:\/\/www.facebook.com\/caldanconveyor","article_modified_time":"2024-01-18T13:18:19+00:00","twitter_card":"summary_large_image","twitter_site":"@caldan_conveyor","twitter_misc":{"Gesch\u00e4tzte Lesezeit":"1\u00a0Minute"},"schema":{"@context":"https:\/\/schema.org","@graph":[{"@type":"WebPage","@id":"https:\/\/caldan.dk\/snbc\/","url":"https:\/\/caldan.dk\/snbc\/","name":"SNBC - CALDAN Conveyor A\/S - superior conveyor systems","isPartOf":{"@id":"https:\/\/caldan.dk\/#website"},"datePublished":"2021-03-15T13:54:52+00:00","dateModified":"2024-01-18T13:18:19+00:00","description":"CALDAN Conveyor A\/S - SNBC - Caldan Conveyor is the leading supplier of overhead conveyors and floor conveyors for operators across the the globe.","breadcrumb":{"@id":"https:\/\/caldan.dk\/snbc\/#breadcrumb"},"inLanguage":"de","potentialAction":[{"@type":"ReadAction","target":["https:\/\/caldan.dk\/snbc\/"]}]},{"@type":"BreadcrumbList","@id":"https:\/\/caldan.dk\/snbc\/#breadcrumb","itemListElement":[{"@type":"ListItem","position":1,"name":"Home","item":"https:\/\/caldan.dk\/"},{"@type":"ListItem","position":2,"name":"SNBC"}]},{"@type":"WebSite","@id":"https:\/\/caldan.dk\/#website","url":"https:\/\/caldan.dk\/","name":"CALDAN Conveyor A\/S","description":"Overhead conveyors and floor conveyors","publisher":{"@id":"https:\/\/caldan.dk\/#organization"},"potentialAction":[{"@type":"SearchAction","target":{"@type":"EntryPoint","urlTemplate":"https:\/\/caldan.dk\/?s={search_term_string}"},"query-input":{"@type":"PropertyValueSpecification","valueRequired":true,"valueName":"search_term_string"}}],"inLanguage":"de"},{"@type":"Organization","@id":"https:\/\/caldan.dk\/#organization","name":"CALDAN Conveyor A\/S","url":"https:\/\/caldan.dk\/","logo":{"@type":"ImageObject","inLanguage":"de","@id":"https:\/\/caldan.dk\/#\/schema\/logo\/image\/","url":"https:\/\/caldan.dk\/wp-content\/uploads\/2025\/05\/CALDAN_logoyoast.png","contentUrl":"https:\/\/caldan.dk\/wp-content\/uploads\/2025\/05\/CALDAN_logoyoast.png","width":696,"height":696,"caption":"CALDAN Conveyor A\/S"},"image":{"@id":"https:\/\/caldan.dk\/#\/schema\/logo\/image\/"},"sameAs":["https:\/\/www.facebook.com\/caldanconveyor","https:\/\/x.com\/caldan_conveyor","https:\/\/www.linkedin.com\/company\/927752\/","https:\/\/www.youtube.com\/channel\/UCpWecoGCSse9sgXwucr08Vw"]}]}},"_links":{"self":[{"href":"https:\/\/caldan.dk\/de\/wp-json\/wp\/v2\/pages\/10323","targetHints":{"allow":["GET"]}}],"collection":[{"href":"https:\/\/caldan.dk\/de\/wp-json\/wp\/v2\/pages"}],"about":[{"href":"https:\/\/caldan.dk\/de\/wp-json\/wp\/v2\/types\/page"}],"author":[{"embeddable":true,"href":"https:\/\/caldan.dk\/de\/wp-json\/wp\/v2\/users\/1"}],"replies":[{"embeddable":true,"href":"https:\/\/caldan.dk\/de\/wp-json\/wp\/v2\/comments?post=10323"}],"version-history":[{"count":0,"href":"https:\/\/caldan.dk\/de\/wp-json\/wp\/v2\/pages\/10323\/revisions"}],"wp:attachment":[{"href":"https:\/\/caldan.dk\/de\/wp-json\/wp\/v2\/media?parent=10323"}],"curies":[{"name":"wp","href":"https:\/\/api.w.org\/{rel}","templated":true}]}}